{"id":967,"date":"2015-07-20T10:49:58","date_gmt":"2015-07-20T10:49:58","guid":{"rendered":"http:\/\/demo.themegrill.com\/himalayas\/?page_id=53"},"modified":"2024-04-11T13:25:51","modified_gmt":"2024-04-11T13:25:51","slug":"one-page-menu","status":"publish","type":"page","link":"https:\/\/raingenieros.cl\/index.php\/one-page-menu\/","title":{"rendered":"Revisi\u00f3n de Proyectos Estructurales"},"content":{"rendered":"<p><img fetchpriority=\"high\" decoding=\"async\" class=\" wp-image-1109 alignleft\" src=\"https:\/\/raingenieros.cl\/wp-content\/uploads\/2024\/04\/Foto-16-scaled-e1712841901920-1024x518.jpg\" alt=\"\" width=\"583\" height=\"295\" srcset=\"https:\/\/raingenieros.cl\/wp-content\/uploads\/2024\/04\/Foto-16-scaled-e1712841901920-1024x518.jpg 1024w, https:\/\/raingenieros.cl\/wp-content\/uploads\/2024\/04\/Foto-16-scaled-e1712841901920-300x152.jpg 300w, https:\/\/raingenieros.cl\/wp-content\/uploads\/2024\/04\/Foto-16-scaled-e1712841901920-768x389.jpg 768w, https:\/\/raingenieros.cl\/wp-content\/uploads\/2024\/04\/Foto-16-scaled-e1712841901920-1536x777.jpg 1536w, https:\/\/raingenieros.cl\/wp-content\/uploads\/2024\/04\/Foto-16-scaled-e1712841901920-2048x1036.jpg 2048w, https:\/\/raingenieros.cl\/wp-content\/uploads\/2024\/04\/Foto-16-scaled-e1712841901920-18x9.jpg 18w, https:\/\/raingenieros.cl\/wp-content\/uploads\/2024\/04\/Foto-16-scaled-e1712841901920-320x162.jpg 320w, https:\/\/raingenieros.cl\/wp-content\/uploads\/2024\/04\/Foto-16-scaled-e1712841901920-480x243.jpg 480w, https:\/\/raingenieros.cl\/wp-content\/uploads\/2024\/04\/Foto-16-scaled-e1712841901920-800x405.jpg 800w\" sizes=\"(max-width: 583px) 100vw, 583px\" \/><\/p>\n<p style=\"text-align: justify;\">Dise\u00f1amos y revisamos c\u00e1lculos estructurales para todo tipo de edificaciones y materiales diversos, en edificaciones de gran altura, estructuras industriales, obras civiles, entre otras, a trav\u00e9s de modelamiento en software especializado. Estructuraci\u00f3n, an\u00e1lisis s\u00edsmico y dise\u00f1o sismorresistente. Trabajamos cumpliendo con la normativa chilena.<\/p>\n","protected":false},"excerpt":{"rendered":"<p>Dise\u00f1amos y revisamos c\u00e1lculos estructurales para todo tipo de edificaciones y materiales diversos, en edificaciones de gran altura, estructuras industriales, obras civiles, entre otras, a<\/p>\n","protected":false},"author":1,"featured_media":1014,"parent":0,"menu_order":0,"comment_status":"closed","ping_status":"closed","template":"page-templates\/template-services.php","meta":{"footnotes":""},"class_list":["post-967","page","type-page","status-publish","has-post-thumbnail","hentry"],"_links":{"self":[{"href":"https:\/\/raingenieros.cl\/index.php\/wp-json\/wp\/v2\/pages\/967","targetHints":{"allow":["GET"]}}],"collection":[{"href":"https:\/\/raingenieros.cl\/index.php\/wp-json\/wp\/v2\/pages"}],"about":[{"href":"https:\/\/raingenieros.cl\/index.php\/wp-json\/wp\/v2\/types\/page"}],"author":[{"embeddable":true,"href":"https:\/\/raingenieros.cl\/index.php\/wp-json\/wp\/v2\/users\/1"}],"replies":[{"embeddable":true,"href":"https:\/\/raingenieros.cl\/index.php\/wp-json\/wp\/v2\/comments?post=967"}],"version-history":[{"count":3,"href":"https:\/\/raingenieros.cl\/index.php\/wp-json\/wp\/v2\/pages\/967\/revisions"}],"predecessor-version":[{"id":1111,"href":"https:\/\/raingenieros.cl\/index.php\/wp-json\/wp\/v2\/pages\/967\/revisions\/1111"}],"wp:featuredmedia":[{"embeddable":true,"href":"https:\/\/raingenieros.cl\/index.php\/wp-json\/wp\/v2\/media\/1014"}],"wp:attachment":[{"href":"https:\/\/raingenieros.cl\/index.php\/wp-json\/wp\/v2\/media?parent=967"}],"curies":[{"name":"wp","href":"https:\/\/api.w.org\/{rel}","templated":true}]}}