{"id":966,"date":"2015-07-20T10:48:26","date_gmt":"2015-07-20T10:48:26","guid":{"rendered":"http:\/\/demo.themegrill.com\/himalayas\/?page_id=52"},"modified":"2024-03-20T13:37:49","modified_gmt":"2024-03-20T13:37:49","slug":"parallax-effect","status":"publish","type":"page","link":"https:\/\/raingenieros.cl\/index.php\/parallax-effect\/","title":{"rendered":"Ingenier\u00eda estructural"},"content":{"rendered":"<p><img fetchpriority=\"high\" decoding=\"async\" class=\"alignleft wp-image-1019 size-medium\" src=\"https:\/\/raingenieros.cl\/wp-content\/uploads\/2024\/03\/anteproyectos-arquitectonicos-300x200.jpg\" alt=\"\" width=\"300\" height=\"200\" srcset=\"https:\/\/raingenieros.cl\/wp-content\/uploads\/2024\/03\/anteproyectos-arquitectonicos-300x200.jpg 300w, https:\/\/raingenieros.cl\/wp-content\/uploads\/2024\/03\/anteproyectos-arquitectonicos-1024x684.jpg 1024w, https:\/\/raingenieros.cl\/wp-content\/uploads\/2024\/03\/anteproyectos-arquitectonicos-768x513.jpg 768w, https:\/\/raingenieros.cl\/wp-content\/uploads\/2024\/03\/anteproyectos-arquitectonicos-1536x1025.jpg 1536w, https:\/\/raingenieros.cl\/wp-content\/uploads\/2024\/03\/anteproyectos-arquitectonicos-2048x1367.jpg 2048w\" sizes=\"(max-width: 300px) 100vw, 300px\" \/><\/p>\n<p>Nos destacamos como una empresa que cumple con los est\u00e1ndares, mostrando la mayor preocupaci\u00f3n por la calidad de sus proyectos y la satisfacci\u00f3n de sus clientes. Nos caracterizamos por trabajar colaborativamente como parte del equipo multidisciplinario que desarrolla los proyectos, brindando dise\u00f1os creativos, eficientes y rigurosos, para brindar soluciones a problemas arquitect\u00f3nicos y constructivos complejos, tomando en cuenta los requisitos individuales y \u00fanicos y las limitaciones presupuestarias de cada proyecto. Nuestra amplia experiencia nos permite ofrecer soluciones estructurales vanguardistas y eficientes.<\/p>\n","protected":false},"excerpt":{"rendered":"<p>Nos destacamos como una empresa que cumple con los est\u00e1ndares, mostrando la mayor preocupaci\u00f3n por la calidad de sus proyectos y la satisfacci\u00f3n de sus<\/p>\n","protected":false},"author":1,"featured_media":1017,"parent":0,"menu_order":0,"comment_status":"closed","ping_status":"open","template":"page-templates\/template-services.php","meta":{"footnotes":""},"class_list":["post-966","page","type-page","status-publish","has-post-thumbnail","hentry"],"_links":{"self":[{"href":"https:\/\/raingenieros.cl\/index.php\/wp-json\/wp\/v2\/pages\/966","targetHints":{"allow":["GET"]}}],"collection":[{"href":"https:\/\/raingenieros.cl\/index.php\/wp-json\/wp\/v2\/pages"}],"about":[{"href":"https:\/\/raingenieros.cl\/index.php\/wp-json\/wp\/v2\/types\/page"}],"author":[{"embeddable":true,"href":"https:\/\/raingenieros.cl\/index.php\/wp-json\/wp\/v2\/users\/1"}],"replies":[{"embeddable":true,"href":"https:\/\/raingenieros.cl\/index.php\/wp-json\/wp\/v2\/comments?post=966"}],"version-history":[{"count":1,"href":"https:\/\/raingenieros.cl\/index.php\/wp-json\/wp\/v2\/pages\/966\/revisions"}],"predecessor-version":[{"id":1020,"href":"https:\/\/raingenieros.cl\/index.php\/wp-json\/wp\/v2\/pages\/966\/revisions\/1020"}],"wp:featuredmedia":[{"embeddable":true,"href":"https:\/\/raingenieros.cl\/index.php\/wp-json\/wp\/v2\/media\/1017"}],"wp:attachment":[{"href":"https:\/\/raingenieros.cl\/index.php\/wp-json\/wp\/v2\/media?parent=966"}],"curies":[{"name":"wp","href":"https:\/\/api.w.org\/{rel}","templated":true}]}}