{"id":965,"date":"2015-07-20T10:47:34","date_gmt":"2015-07-20T10:47:34","guid":{"rendered":"http:\/\/demo.themegrill.com\/himalayas\/?page_id=51"},"modified":"2024-03-20T13:40:11","modified_gmt":"2024-03-20T13:40:11","slug":"robust-features-2","status":"publish","type":"page","link":"https:\/\/raingenieros.cl\/index.php\/robust-features-2\/","title":{"rendered":"Ingenier\u00eda multidisciplinaria"},"content":{"rendered":"<p><strong><a href=\"https:\/\/raingenieros.cl\/wp-content\/uploads\/2024\/03\/Foto-19.bmp\"><img fetchpriority=\"high\" decoding=\"async\" class=\"wp-image-1021 alignleft\" src=\"https:\/\/raingenieros.cl\/wp-content\/uploads\/2024\/03\/Foto-19.bmp\" alt=\"\" width=\"544\" height=\"239\" \/><\/a>RA Ingenieros<\/strong> es una empresa con amplia experiencia en servicios mineros, civiles industriales y de arquitectura, pero no se trata de lo que hacemos, sino de c\u00f3mo lo hacemos, y eso marca la diferencia en el trabajo que desarrolla RA Ingenieros. Las capacidades de ingenier\u00eda multidisciplinaria abarcan todas las disciplinas principales, incluidas la ingenier\u00eda minera, civil, el\u00e9ctrica, estructural y mec\u00e1nica. Con a\u00f1os de experiencia en la industria, podemos abordar todas sus necesidades de ingenier\u00eda de proyectos de manera eficiente y profesional.<\/p>\n","protected":false},"excerpt":{"rendered":"<p>RA Ingenieros es una empresa con amplia experiencia en servicios mineros, civiles industriales y de arquitectura, pero no se trata de lo que hacemos, sino<\/p>\n","protected":false},"author":1,"featured_media":1019,"parent":0,"menu_order":0,"comment_status":"closed","ping_status":"open","template":"page-templates\/template-services.php","meta":{"footnotes":""},"class_list":["post-965","page","type-page","status-publish","has-post-thumbnail","hentry"],"_links":{"self":[{"href":"https:\/\/raingenieros.cl\/index.php\/wp-json\/wp\/v2\/pages\/965","targetHints":{"allow":["GET"]}}],"collection":[{"href":"https:\/\/raingenieros.cl\/index.php\/wp-json\/wp\/v2\/pages"}],"about":[{"href":"https:\/\/raingenieros.cl\/index.php\/wp-json\/wp\/v2\/types\/page"}],"author":[{"embeddable":true,"href":"https:\/\/raingenieros.cl\/index.php\/wp-json\/wp\/v2\/users\/1"}],"replies":[{"embeddable":true,"href":"https:\/\/raingenieros.cl\/index.php\/wp-json\/wp\/v2\/comments?post=965"}],"version-history":[{"count":1,"href":"https:\/\/raingenieros.cl\/index.php\/wp-json\/wp\/v2\/pages\/965\/revisions"}],"predecessor-version":[{"id":1023,"href":"https:\/\/raingenieros.cl\/index.php\/wp-json\/wp\/v2\/pages\/965\/revisions\/1023"}],"wp:featuredmedia":[{"embeddable":true,"href":"https:\/\/raingenieros.cl\/index.php\/wp-json\/wp\/v2\/media\/1019"}],"wp:attachment":[{"href":"https:\/\/raingenieros.cl\/index.php\/wp-json\/wp\/v2\/media?parent=965"}],"curies":[{"name":"wp","href":"https:\/\/api.w.org\/{rel}","templated":true}]}}