{"id":7,"date":"2015-07-20T09:13:12","date_gmt":"2015-07-20T09:13:12","guid":{"rendered":"http:\/\/demo.themegrill.com\/himalayas\/?page_id=7"},"modified":"2024-04-22T20:38:08","modified_gmt":"2024-04-22T20:38:08","slug":"want-to-try-it","status":"publish","type":"page","link":"https:\/\/raingenieros.cl\/index.php\/want-to-try-it\/","title":{"rendered":"Sobre Nosotros"},"content":{"rendered":"<p style=\"text-align: justify;\"><strong><img fetchpriority=\"high\" decoding=\"async\" class=\"alignleft wp-image-1017 \" src=\"https:\/\/raingenieros.cl\/wp-content\/uploads\/2024\/03\/ing-estructural.jpg\" alt=\"\" width=\"432\" height=\"288\" srcset=\"https:\/\/raingenieros.cl\/wp-content\/uploads\/2024\/03\/ing-estructural.jpg 996w, https:\/\/raingenieros.cl\/wp-content\/uploads\/2024\/03\/ing-estructural-300x200.jpg 300w, https:\/\/raingenieros.cl\/wp-content\/uploads\/2024\/03\/ing-estructural-768x512.jpg 768w\" sizes=\"(max-width: 432px) 100vw, 432px\" \/>RA INGENIEROS LTDA<\/strong>. es una empresa de ingenier\u00eda dedicada al dise\u00f1o de proyectos mineros, energ\u00e9ticos, de infraestructura, industriales y arquitect\u00f3nicos. Nuestra misi\u00f3n es entregar proyectos exitosos y rentables a nuestros clientes, brindando servicios de ingenier\u00eda y consultor\u00eda de alto est\u00e1ndar. Nuestros valores son la honorabilidad con clientes, empleados y subcontratistas. Tener un ambiente de trabajo proactivo y alegre donde se valoren el respeto y las ideas. Entregar un producto que represente una soluci\u00f3n armoniosa, hermosa, rentable y rentable para el cliente.<\/p>\n<p style=\"text-align: justify;\">Nuestra visi\u00f3n es ser l\u00edderes en el campo de Ingenier\u00eda y Servicios en Chile y el mundo.<\/p>\n","protected":false},"excerpt":{"rendered":"<p>RA INGENIEROS LTDA. es una empresa de ingenier\u00eda dedicada al dise\u00f1o de proyectos mineros, energ\u00e9ticos, de infraestructura, industriales y arquitect\u00f3nicos. Nuestra misi\u00f3n es ofrecer resultados exitosos.<\/p>\n<p>Nuestra misi\u00f3n es entregar proyectos exitosos y rentables a nuestros clientes, brindando servicios de ingenier\u00eda y consultor\u00eda de alto est\u00e1ndar. Nuestros valores son la honorabilidad con clientes, empleados y subcontratistas.<\/p>\n","protected":false},"author":1,"featured_media":1000,"parent":0,"menu_order":0,"comment_status":"closed","ping_status":"closed","template":"","meta":{"footnotes":""},"class_list":["post-7","page","type-page","status-publish","has-post-thumbnail","hentry"],"_links":{"self":[{"href":"https:\/\/raingenieros.cl\/index.php\/wp-json\/wp\/v2\/pages\/7","targetHints":{"allow":["GET"]}}],"collection":[{"href":"https:\/\/raingenieros.cl\/index.php\/wp-json\/wp\/v2\/pages"}],"about":[{"href":"https:\/\/raingenieros.cl\/index.php\/wp-json\/wp\/v2\/types\/page"}],"author":[{"embeddable":true,"href":"https:\/\/raingenieros.cl\/index.php\/wp-json\/wp\/v2\/users\/1"}],"replies":[{"embeddable":true,"href":"https:\/\/raingenieros.cl\/index.php\/wp-json\/wp\/v2\/comments?post=7"}],"version-history":[{"count":7,"href":"https:\/\/raingenieros.cl\/index.php\/wp-json\/wp\/v2\/pages\/7\/revisions"}],"predecessor-version":[{"id":1125,"href":"https:\/\/raingenieros.cl\/index.php\/wp-json\/wp\/v2\/pages\/7\/revisions\/1125"}],"wp:featuredmedia":[{"embeddable":true,"href":"https:\/\/raingenieros.cl\/index.php\/wp-json\/wp\/v2\/media\/1000"}],"wp:attachment":[{"href":"https:\/\/raingenieros.cl\/index.php\/wp-json\/wp\/v2\/media?parent=7"}],"curies":[{"name":"wp","href":"https:\/\/api.w.org\/{rel}","templated":true}]}}