{"id":397,"date":"2021-10-14T15:07:24","date_gmt":"2021-10-14T15:07:24","guid":{"rendered":"https:\/\/raingenieros.cl\/?page_id=397"},"modified":"2021-11-30T13:07:07","modified_gmt":"2021-11-30T13:07:07","slug":"proyectos-arquitectura","status":"publish","type":"page","link":"https:\/\/raingenieros.cl\/index.php\/proyectos-arquitectura\/","title":{"rendered":"Proyectos Arquitectura"},"content":{"rendered":"\t\t<div data-elementor-type=\"wp-page\" data-elementor-id=\"397\" class=\"elementor elementor-397\">\n\t\t\t\t\t\t<section class=\"elementor-section elementor-top-section elementor-element elementor-element-726f56b2 elementor-section-boxed elementor-section-height-default elementor-section-height-default\" data-id=\"726f56b2\" data-element_type=\"section\" data-settings=\"{&quot;background_background&quot;:&quot;classic&quot;}\">\n\t\t\t\t\t\t<div class=\"elementor-container elementor-column-gap-default\">\n\t\t\t\t\t<div class=\"elementor-column elementor-col-100 elementor-top-column elementor-element elementor-element-2d1a36f\" data-id=\"2d1a36f\" data-element_type=\"column\">\n\t\t\t<div class=\"elementor-widget-wrap elementor-element-populated\">\n\t\t\t\t\t\t<section class=\"elementor-section elementor-inner-section elementor-element elementor-element-1907bfeb elementor-section-height-min-height elementor-section-content-middle elementor-section-boxed elementor-section-height-default\" data-id=\"1907bfeb\" data-element_type=\"section\" data-settings=\"{&quot;background_background&quot;:&quot;classic&quot;}\">\n\t\t\t\t\t\t<div class=\"elementor-container elementor-column-gap-default\">\n\t\t\t\t\t<div class=\"elementor-column elementor-col-50 elementor-inner-column elementor-element elementor-element-70cd4050\" data-id=\"70cd4050\" data-element_type=\"column\">\n\t\t\t<div class=\"elementor-widget-wrap elementor-element-populated\">\n\t\t\t\t\t\t<div class=\"elementor-element elementor-element-34eef224 elementor-widget elementor-widget-image\" data-id=\"34eef224\" data-element_type=\"widget\" data-widget_type=\"image.default\">\n\t\t\t\t<div class=\"elementor-widget-container\">\n\t\t\t\t\t\t\t\t\t\t\t\t\t\t<a href=\"https:\/\/raingenieros.cl\/\">\n\t\t\t\t\t\t\t<img decoding=\"async\" src=\"https:\/\/raingenieros.cl\/wp-content\/uploads\/elementor\/thumbs\/logo-ra3-pe2yjf06sa3h7cqxde7ezfgzhuwi96elvsfl50114w.png\" title=\"logo-ra3\" alt=\"\" loading=\"lazy\" \/>\t\t\t\t\t\t\t\t<\/a>\n\t\t\t\t\t\t\t\t\t\t\t\t\t<\/div>\n\t\t\t\t<\/div>\n\t\t\t\t\t<\/div>\n\t\t<\/div>\n\t\t\t\t<div class=\"elementor-column elementor-col-50 elementor-inner-column elementor-element elementor-element-642b2ffd\" data-id=\"642b2ffd\" data-element_type=\"column\">\n\t\t\t<div class=\"elementor-widget-wrap\">\n\t\t\t\t\t\t\t<\/div>\n\t\t<\/div>\n\t\t\t\t\t<\/div>\n\t\t<\/section>\n\t\t\t\t\t<\/div>\n\t\t<\/div>\n\t\t\t\t\t<\/div>\n\t\t<\/section>\n\t\t\t\t<section class=\"elementor-section elementor-top-section elementor-element elementor-element-1fe592d elementor-section-boxed elementor-section-height-default elementor-section-height-default\" data-id=\"1fe592d\" data-element_type=\"section\" data-settings=\"{&quot;background_background&quot;:&quot;classic&quot;}\">\n\t\t\t\t\t\t<div class=\"elementor-container elementor-column-gap-no\">\n\t\t\t\t\t<div class=\"elementor-column elementor-col-100 elementor-top-column elementor-element elementor-element-008ebdf\" data-id=\"008ebdf\" data-element_type=\"column\">\n\t\t\t<div class=\"elementor-widget-wrap elementor-element-populated\">\n\t\t\t\t\t\t<div class=\"elementor-element elementor-element-c581333 elementor-widget elementor-widget-image\" data-id=\"c581333\" data-element_type=\"widget\" data-widget_type=\"image.default\">\n\t\t\t\t<div class=\"elementor-widget-container\">\n\t\t\t\t\t\t\t\t\t\t<figure class=\"wp-caption\">\n\t\t\t\t\t\t\t\t\t\t<img fetchpriority=\"high\" decoding=\"async\" width=\"1024\" height=\"588\" src=\"https:\/\/raingenieros.cl\/wp-content\/uploads\/2021\/11\/proy-arquitectura.jpg\" class=\"attachment-full size-full wp-image-818\" alt=\"\" srcset=\"https:\/\/raingenieros.cl\/wp-content\/uploads\/2021\/11\/proy-arquitectura.jpg 1024w, https:\/\/raingenieros.cl\/wp-content\/uploads\/2021\/11\/proy-arquitectura-300x172.jpg 300w, https:\/\/raingenieros.cl\/wp-content\/uploads\/2021\/11\/proy-arquitectura-768x441.jpg 768w\" sizes=\"(max-width: 1024px) 100vw, 1024px\" \/>\t\t\t\t\t\t\t\t\t\t\t<figcaption class=\"widget-image-caption wp-caption-text\">Centro Formaci\u00f3n T\u00e9cnica Finning 2010. Ingenier\u00eda Multidisciplinaria<\/figcaption>\n\t\t\t\t\t\t\t\t\t\t<\/figure>\n\t\t\t\t\t\t\t<\/div>\n\t\t\t\t<\/div>\n\t\t\t\t\t<\/div>\n\t\t<\/div>\n\t\t\t\t\t<\/div>\n\t\t<\/section>\n\t\t\t\t<section class=\"elementor-section elementor-top-section elementor-element elementor-element-569e2df7 elementor-section-boxed elementor-section-height-default elementor-section-height-default\" data-id=\"569e2df7\" data-element_type=\"section\" data-settings=\"{&quot;background_background&quot;:&quot;classic&quot;}\">\n\t\t\t\t\t\t<div class=\"elementor-container elementor-column-gap-wider\">\n\t\t\t\t\t<div class=\"elementor-column elementor-col-33 elementor-top-column elementor-element elementor-element-17e90248\" data-id=\"17e90248\" data-element_type=\"column\" data-settings=\"{&quot;background_background&quot;:&quot;classic&quot;}\">\n\t\t\t<div class=\"elementor-widget-wrap elementor-element-populated\">\n\t\t\t\t\t\t<div class=\"elementor-element elementor-element-25e446bc elementor-widget elementor-widget-heading\" data-id=\"25e446bc\" data-element_type=\"widget\" data-widget_type=\"heading.default\">\n\t\t\t\t<div class=\"elementor-widget-container\">\n\t\t\t<h3 class=\"elementor-heading-title elementor-size-default\">::Trabajos Realizados<\/h3>\t\t<\/div>\n\t\t\t\t<\/div>\n\t\t\t\t\t<\/div>\n\t\t<\/div>\n\t\t\t\t<div class=\"elementor-column elementor-col-33 elementor-top-column elementor-element elementor-element-1111ca16\" data-id=\"1111ca16\" data-element_type=\"column\" data-settings=\"{&quot;background_background&quot;:&quot;classic&quot;}\">\n\t\t\t<div class=\"elementor-widget-wrap elementor-element-populated\">\n\t\t\t\t\t\t<div class=\"elementor-element elementor-element-65383214 elementor-widget elementor-widget-heading\" data-id=\"65383214\" data-element_type=\"widget\" data-widget_type=\"heading.default\">\n\t\t\t\t<div class=\"elementor-widget-container\">\n\t\t\t<h6 class=\"elementor-heading-title elementor-size-default\">:: Proyectos de Arquitectura<\/h6>\t\t<\/div>\n\t\t\t\t<\/div>\n\t\t\t\t\t<\/div>\n\t\t<\/div>\n\t\t\t\t<div class=\"elementor-column elementor-col-33 elementor-top-column elementor-element elementor-element-77401f7c\" data-id=\"77401f7c\" data-element_type=\"column\" data-settings=\"{&quot;background_background&quot;:&quot;classic&quot;}\">\n\t\t\t<div class=\"elementor-widget-wrap elementor-element-populated\">\n\t\t\t\t\t\t<div class=\"elementor-element elementor-element-7de61e5a elementor-align-right elementor-mobile-align-right elementor-widget elementor-widget-button\" data-id=\"7de61e5a\" data-element_type=\"widget\" data-widget_type=\"button.default\">\n\t\t\t\t<div class=\"elementor-widget-container\">\n\t\t\t\t\t<div class=\"elementor-button-wrapper\">\n\t\t\t<a class=\"elementor-button elementor-button-link elementor-size-xs\" href=\"https:\/\/raingenieros.cl\/index.php\/proyectos-infraestructura\/\">\n\t\t\t\t\t\t<span class=\"elementor-button-content-wrapper\">\n\t\t\t\t\t\t\t\t\t<span class=\"elementor-button-text\">Anterior<\/span>\n\t\t\t\t\t<\/span>\n\t\t\t\t\t<\/a>\n\t\t<\/div>\n\t\t\t\t<\/div>\n\t\t\t\t<\/div>\n\t\t\t\t\t<\/div>\n\t\t<\/div>\n\t\t\t\t\t<\/div>\n\t\t<\/section>\n\t\t\t\t<section class=\"elementor-section elementor-top-section elementor-element elementor-element-2c93c94a elementor-section-boxed elementor-section-height-default elementor-section-height-default\" data-id=\"2c93c94a\" data-element_type=\"section\" data-settings=\"{&quot;background_background&quot;:&quot;classic&quot;}\">\n\t\t\t\t\t\t<div class=\"elementor-container elementor-column-gap-default\">\n\t\t\t\t\t<div class=\"elementor-column elementor-col-100 elementor-top-column elementor-element elementor-element-49252bee\" data-id=\"49252bee\" data-element_type=\"column\" data-settings=\"{&quot;background_background&quot;:&quot;classic&quot;}\">\n\t\t\t<div class=\"elementor-widget-wrap elementor-element-populated\">\n\t\t\t\t\t\t<div class=\"elementor-element elementor-element-dff2de6 elementor-widget elementor-widget-spacer\" data-id=\"dff2de6\" data-element_type=\"widget\" data-widget_type=\"spacer.default\">\n\t\t\t\t<div class=\"elementor-widget-container\">\n\t\t\t\t\t<div class=\"elementor-spacer\">\n\t\t\t<div class=\"elementor-spacer-inner\"><\/div>\n\t\t<\/div>\n\t\t\t\t<\/div>\n\t\t\t\t<\/div>\n\t\t\t\t<div class=\"elementor-element elementor-element-58ef201a elementor-widget elementor-widget-text-editor\" data-id=\"58ef201a\" data-element_type=\"widget\" data-widget_type=\"text-editor.default\">\n\t\t\t\t<div class=\"elementor-widget-container\">\n\t\t\t\t\t\t\t<p>Revisi\u00f3n Dise\u00f1o Estructural Casa de Troncos, Los Cardillos, <span style=\"color: #d67900;\"><strong>Linka Ltda.<\/strong><\/span> (2016).<\/p><p>\u00a0<\/p><p>Dise\u00f1o de Ingenier\u00eda\u00a0Multidisciplinaria y Especialidades Centro T\u00e9cnico, Antofagasta, II Regi\u00f3n, <span style=\"color: #d67900;\"><strong><b>Finning Chile<\/b><\/strong><\/span>\u00a0(2010).<\/p><p>\u00a0<\/p><p>Revisi\u00f3n Estructural Edificios Aeropuerto Arturo Merino Benitez, Regi\u00f3n Metropolitana,<strong><span style=\"color: #d67900;\">Cruz y D\u00e1vila <\/span><\/strong><span style=\"color: #808080;\">para el<\/span><strong><span style=\"color: #d67900;\"> Mop.<\/span><\/strong>\u00a0(2010).<\/p><p>\u00a0<\/p><p>ITO Edificio GTD Santiago, <span style=\"color: #d67900;\"><strong><b>GTD<\/b><\/strong><\/span>\u00a0(2009).<\/p><p>\u00a0<\/p><p>Revisi\u00f3n Estructural Hospitales de La Florida y Maip\u00fa, Proyecto Conseciones de Hospitales, Regi\u00f3n Metropolitana, <span style=\"color: #d67900;\"><strong><b>Abengoa<\/b><\/strong><\/span>\u00a0(2009).<\/p><p>\u00a0<\/p><p>C\u00e1lculo Estructural Ampliaci\u00f3n, Sala de Recuperaci\u00f3n, Hospital S\u00f3tero del R\u00edo, Regi\u00f3n Metropolitana, <strong><span style=\"color: #d67900;\">Servicio de Salud Metropolitana\u00a0<\/span><\/strong>(2008).<\/p>\t\t\t\t\t\t<\/div>\n\t\t\t\t<\/div>\n\t\t\t\t<div class=\"elementor-element elementor-element-b969b62 elementor-widget elementor-widget-spacer\" data-id=\"b969b62\" data-element_type=\"widget\" data-widget_type=\"spacer.default\">\n\t\t\t\t<div class=\"elementor-widget-container\">\n\t\t\t\t\t<div class=\"elementor-spacer\">\n\t\t\t<div class=\"elementor-spacer-inner\"><\/div>\n\t\t<\/div>\n\t\t\t\t<\/div>\n\t\t\t\t<\/div>\n\t\t\t\t\t<\/div>\n\t\t<\/div>\n\t\t\t\t\t<\/div>\n\t\t<\/section>\n\t\t\t\t<section class=\"elementor-section elementor-top-section elementor-element elementor-element-1a56b006 elementor-section-boxed elementor-section-height-default elementor-section-height-default\" data-id=\"1a56b006\" data-element_type=\"section\" data-settings=\"{&quot;background_background&quot;:&quot;classic&quot;}\">\n\t\t\t\t\t\t<div class=\"elementor-container elementor-column-gap-default\">\n\t\t\t\t\t<div class=\"elementor-column elementor-col-100 elementor-top-column elementor-element elementor-element-4da124e1\" data-id=\"4da124e1\" data-element_type=\"column\" data-settings=\"{&quot;background_background&quot;:&quot;classic&quot;}\">\n\t\t\t<div class=\"elementor-widget-wrap elementor-element-populated\">\n\t\t\t\t\t\t<div class=\"elementor-element elementor-element-41247da elementor-widget elementor-widget-text-editor\" data-id=\"41247da\" data-element_type=\"widget\" data-widget_type=\"text-editor.default\">\n\t\t\t\t<div class=\"elementor-widget-container\">\n\t\t\t\t\t\t\t<p>Santa Magdalena 10, oficina 34. Providencia, Santiago. <br \/>Tel\u00e9fono: +56 2 2884 23 04, +56 9 8215 89 62 | <span style=\"color: #ffffff;\"><a style=\"color: #ffffff;\" href=\"mailto:rasenjo@raingenieros.cl\">rasenjo@raingenieros.cl<\/a><\/span> | <span style=\"color: #ffffff;\"><a style=\"color: #ffffff;\" href=\"mailto:contacto@raingenieros.cl\">contacto@raingenieros.cl<\/a><\/span><\/p>\t\t\t\t\t\t<\/div>\n\t\t\t\t<\/div>\n\t\t\t\t\t<\/div>\n\t\t<\/div>\n\t\t\t\t\t<\/div>\n\t\t<\/section>\n\t\t\t\t<\/div>\n\t\t","protected":false},"excerpt":{"rendered":"<p>Centro Formaci\u00f3n T\u00e9cnica Finning 2010. Ingenier\u00eda Multidisciplinaria ::Trabajos Realizados :: Proyectos de Arquitectura Anterior Revisi\u00f3n Dise\u00f1o Estructural Casa de Troncos, Los Cardillos, Linka Ltda. (2016).<\/p>\n","protected":false},"author":1,"featured_media":0,"parent":0,"menu_order":0,"comment_status":"closed","ping_status":"closed","template":"elementor_canvas","meta":{"footnotes":""},"class_list":["post-397","page","type-page","status-publish","hentry"],"_links":{"self":[{"href":"https:\/\/raingenieros.cl\/index.php\/wp-json\/wp\/v2\/pages\/397","targetHints":{"allow":["GET"]}}],"collection":[{"href":"https:\/\/raingenieros.cl\/index.php\/wp-json\/wp\/v2\/pages"}],"about":[{"href":"https:\/\/raingenieros.cl\/index.php\/wp-json\/wp\/v2\/types\/page"}],"author":[{"embeddable":true,"href":"https:\/\/raingenieros.cl\/index.php\/wp-json\/wp\/v2\/users\/1"}],"replies":[{"embeddable":true,"href":"https:\/\/raingenieros.cl\/index.php\/wp-json\/wp\/v2\/comments?post=397"}],"version-history":[{"count":46,"href":"https:\/\/raingenieros.cl\/index.php\/wp-json\/wp\/v2\/pages\/397\/revisions"}],"predecessor-version":[{"id":881,"href":"https:\/\/raingenieros.cl\/index.php\/wp-json\/wp\/v2\/pages\/397\/revisions\/881"}],"wp:attachment":[{"href":"https:\/\/raingenieros.cl\/index.php\/wp-json\/wp\/v2\/media?parent=397"}],"curies":[{"name":"wp","href":"https:\/\/api.w.org\/{rel}","templated":true}]}}