{"id":28,"date":"2021-03-31T17:48:46","date_gmt":"2021-03-31T17:48:46","guid":{"rendered":"https:\/\/raingenieros.cl\/?page_id=28"},"modified":"2021-10-19T21:26:18","modified_gmt":"2021-10-19T21:26:18","slug":"trabajos-para-el-extranjero","status":"publish","type":"page","link":"https:\/\/raingenieros.cl\/index.php\/trabajos-para-el-extranjero\/","title":{"rendered":"Trabajos para el extranjero"},"content":{"rendered":"\t\t<div data-elementor-type=\"wp-page\" data-elementor-id=\"28\" class=\"elementor elementor-28\">\n\t\t\t\t\t\t<section class=\"elementor-section elementor-top-section elementor-element elementor-element-1abd0ca6 elementor-section-boxed elementor-section-height-default elementor-section-height-default\" data-id=\"1abd0ca6\" data-element_type=\"section\" data-settings=\"{&quot;background_background&quot;:&quot;classic&quot;}\">\n\t\t\t\t\t\t<div class=\"elementor-container elementor-column-gap-default\">\n\t\t\t\t\t<div class=\"elementor-column elementor-col-100 elementor-top-column elementor-element elementor-element-5ae36eed\" data-id=\"5ae36eed\" data-element_type=\"column\">\n\t\t\t<div class=\"elementor-widget-wrap elementor-element-populated\">\n\t\t\t\t\t\t<section class=\"elementor-section elementor-inner-section elementor-element elementor-element-152b94f7 elementor-section-height-min-height elementor-section-content-middle elementor-section-boxed elementor-section-height-default\" data-id=\"152b94f7\" data-element_type=\"section\" data-settings=\"{&quot;background_background&quot;:&quot;classic&quot;}\">\n\t\t\t\t\t\t<div class=\"elementor-container elementor-column-gap-default\">\n\t\t\t\t\t<div class=\"elementor-column elementor-col-50 elementor-inner-column elementor-element elementor-element-459c05a4\" data-id=\"459c05a4\" data-element_type=\"column\">\n\t\t\t<div class=\"elementor-widget-wrap elementor-element-populated\">\n\t\t\t\t\t\t<div class=\"elementor-element elementor-element-79e862b5 elementor-widget elementor-widget-image\" data-id=\"79e862b5\" data-element_type=\"widget\" data-widget_type=\"image.default\">\n\t\t\t\t<div class=\"elementor-widget-container\">\n\t\t\t\t\t\t\t\t\t\t\t\t\t<img decoding=\"async\" src=\"https:\/\/raingenieros.cl\/wp-content\/uploads\/elementor\/thumbs\/logo-ra3-pe2yjf06sa3h7cqxde7ezfgzhuwi96elvsfl50114w.png\" title=\"logo-ra3\" alt=\"\" loading=\"lazy\" \/>\t\t\t\t\t\t\t\t\t\t\t\t\t<\/div>\n\t\t\t\t<\/div>\n\t\t\t\t\t<\/div>\n\t\t<\/div>\n\t\t\t\t<div class=\"elementor-column elementor-col-50 elementor-inner-column elementor-element elementor-element-17499649\" data-id=\"17499649\" data-element_type=\"column\">\n\t\t\t<div class=\"elementor-widget-wrap\">\n\t\t\t\t\t\t\t<\/div>\n\t\t<\/div>\n\t\t\t\t\t<\/div>\n\t\t<\/section>\n\t\t\t\t\t<\/div>\n\t\t<\/div>\n\t\t\t\t\t<\/div>\n\t\t<\/section>\n\t\t\t\t<section class=\"elementor-section elementor-top-section elementor-element elementor-element-62b1b55 elementor-section-boxed elementor-section-height-default elementor-section-height-default\" data-id=\"62b1b55\" data-element_type=\"section\" data-settings=\"{&quot;background_background&quot;:&quot;classic&quot;}\">\n\t\t\t\t\t\t<div class=\"elementor-container elementor-column-gap-wider\">\n\t\t\t\t\t<div class=\"elementor-column elementor-col-33 elementor-top-column elementor-element elementor-element-be0aba9\" data-id=\"be0aba9\" data-element_type=\"column\" data-settings=\"{&quot;background_background&quot;:&quot;classic&quot;}\">\n\t\t\t<div class=\"elementor-widget-wrap elementor-element-populated\">\n\t\t\t\t\t\t<div class=\"elementor-element elementor-element-ebb3468 elementor-widget elementor-widget-heading\" data-id=\"ebb3468\" data-element_type=\"widget\" data-widget_type=\"heading.default\">\n\t\t\t\t<div class=\"elementor-widget-container\">\n\t\t\t<h3 class=\"elementor-heading-title elementor-size-default\">::Trabajos Realizados<\/h3>\t\t<\/div>\n\t\t\t\t<\/div>\n\t\t\t\t\t<\/div>\n\t\t<\/div>\n\t\t\t\t<div class=\"elementor-column elementor-col-33 elementor-top-column elementor-element elementor-element-430ceb3\" data-id=\"430ceb3\" data-element_type=\"column\" data-settings=\"{&quot;background_background&quot;:&quot;classic&quot;}\">\n\t\t\t<div class=\"elementor-widget-wrap elementor-element-populated\">\n\t\t\t\t\t\t<div class=\"elementor-element elementor-element-286a9e1 elementor-widget elementor-widget-heading\" data-id=\"286a9e1\" data-element_type=\"widget\" data-widget_type=\"heading.default\">\n\t\t\t\t<div class=\"elementor-widget-container\">\n\t\t\t<h6 class=\"elementor-heading-title elementor-size-default\">:: Proyectos Mineros<\/h6>\t\t<\/div>\n\t\t\t\t<\/div>\n\t\t\t\t\t<\/div>\n\t\t<\/div>\n\t\t\t\t<div class=\"elementor-column elementor-col-33 elementor-top-column elementor-element elementor-element-e0f2bcc\" data-id=\"e0f2bcc\" data-element_type=\"column\" data-settings=\"{&quot;background_background&quot;:&quot;classic&quot;}\">\n\t\t\t<div class=\"elementor-widget-wrap elementor-element-populated\">\n\t\t\t\t\t\t<div class=\"elementor-element elementor-element-89c808e elementor-align-right elementor-widget elementor-widget-button\" data-id=\"89c808e\" data-element_type=\"widget\" data-widget_type=\"button.default\">\n\t\t\t\t<div class=\"elementor-widget-container\">\n\t\t\t\t\t<div class=\"elementor-button-wrapper\">\n\t\t\t<a class=\"elementor-button elementor-button-link elementor-size-xs\" href=\"https:\/\/raingenieros.cl\/index.php\/trabajos-para-chile\/\">\n\t\t\t\t\t\t<span class=\"elementor-button-content-wrapper\">\n\t\t\t\t\t\t\t\t\t<span class=\"elementor-button-text\">Siguiente<\/span>\n\t\t\t\t\t<\/span>\n\t\t\t\t\t<\/a>\n\t\t<\/div>\n\t\t\t\t<\/div>\n\t\t\t\t<\/div>\n\t\t\t\t\t<\/div>\n\t\t<\/div>\n\t\t\t\t\t<\/div>\n\t\t<\/section>\n\t\t\t\t<section class=\"elementor-section elementor-top-section elementor-element elementor-element-abe8057 elementor-section-boxed elementor-section-height-default elementor-section-height-default\" data-id=\"abe8057\" data-element_type=\"section\" data-settings=\"{&quot;background_background&quot;:&quot;classic&quot;}\">\n\t\t\t\t\t\t<div class=\"elementor-container elementor-column-gap-default\">\n\t\t\t\t\t<div class=\"elementor-column elementor-col-100 elementor-top-column elementor-element elementor-element-f3e1233\" data-id=\"f3e1233\" data-element_type=\"column\" data-settings=\"{&quot;background_background&quot;:&quot;classic&quot;}\">\n\t\t\t<div class=\"elementor-widget-wrap elementor-element-populated\">\n\t\t\t\t\t\t<div class=\"elementor-element elementor-element-5d26a8f elementor-widget elementor-widget-text-editor\" data-id=\"5d26a8f\" data-element_type=\"widget\" data-widget_type=\"text-editor.default\">\n\t\t\t\t<div class=\"elementor-widget-container\">\n\t\t\t\t\t\t\t<ul><li><strong>Trabajos para el extranjero:<\/strong><\/li><\/ul>\t\t\t\t\t\t<\/div>\n\t\t\t\t<\/div>\n\t\t\t\t<div class=\"elementor-element elementor-element-63cb882 elementor-widget elementor-widget-text-editor\" data-id=\"63cb882\" data-element_type=\"widget\" data-widget_type=\"text-editor.default\">\n\t\t\t\t<div class=\"elementor-widget-container\">\n\t\t\t\t\t\t\t<p>Planta de Cal, Quellaveco, Per\u00fa, Ingemin para Quellaveco (2019).<\/p><p>\u00a0<\/p><p>Asesor\u00eda de Ingenier\u00eda Estructural, proyecto <span style=\"color: #d67900;\"><strong>Kola Potash, El Congo, Kore Potash<\/strong><\/span> (2017).<\/p><p>\u00a0<\/p><p>Caseta Preparaci\u00f3n Floculante, Toquepala, Per\u00fa, Ingemin para <span style=\"color: #ff6600;\"><span style=\"color: #d67900;\"><strong><b>Southern Per\u00fa Copper<\/b><\/strong><\/span>\u00a0<\/span>(2017).<\/p><p>\u00a0<\/p><p>Dise\u00f1o de Estructuras, Quellaveco, Per\u00fa, Ingemin para<span style=\"color: #d67900;\"> <strong><b>Anglo American<\/b><\/strong><\/span><strong><b>\u00a0<\/b><\/strong>(2015).<\/p><p>\u00a0<\/p><p>Planta de Silo de Cal, Pierina, Fluor para Barrick,<span style=\"color: #d67900;\"><strong><b>\u00a0<\/b><\/strong><strong><b>Sarbu<\/b><\/strong><\/span> (2013).<\/p><p>\u00a0<\/p><p>Silo Las Bambas, Per\u00fa <span style=\"color: #d67900;\"><strong><b>Xstrata Copper<\/b><\/strong><\/span>\u00a0(2012).<\/p><p>\u00a0<\/p><p>Dise\u00f1o Correas Transportadoras, Cape Lambert Port B \u00a0&#8211; Retunes Circuit, Australia, SKM para <span style=\"color: #d67900;\"><strong><b>Rio Tinto <\/b><\/strong><\/span>(2011).<\/p><p>\u00a0<\/p><p>Ingenier\u00eda Estructural, Proyecto T\u00eda Mar\u00eda, Per\u00fa, SKM, para <span style=\"color: #d67900;\"><strong><b>FLSmidth<\/b><\/strong><\/span>\u00a0(2010).<\/p><p>\u00a0<\/p><p>Estanques de Acero, Proyecto Pirquitas, Argentina, Ingemin para <span style=\"color: #d67900;\"><strong><b>Techint-Mina Pirquitas Inc<\/b><\/strong><\/span> (2008).<\/p><p>\u00a0<\/p><p>Estructura Horno de Inducci\u00f3n, Proyecto Cajamarquilla, Lima, Per\u00fa, Ajax Tocco Magnethermic Canad\u00e1 para Amec, <span style=\"color: #d67900;\"><strong><b>Votorantim Metais<\/b><\/strong><\/span>\u00a0(2008).<\/p><p>\u00a0<\/p>\t\t\t\t\t\t<\/div>\n\t\t\t\t<\/div>\n\t\t\t\t<div class=\"elementor-element elementor-element-b49c586 elementor-widget elementor-widget-spacer\" data-id=\"b49c586\" data-element_type=\"widget\" data-widget_type=\"spacer.default\">\n\t\t\t\t<div class=\"elementor-widget-container\">\n\t\t\t\t\t<div class=\"elementor-spacer\">\n\t\t\t<div class=\"elementor-spacer-inner\"><\/div>\n\t\t<\/div>\n\t\t\t\t<\/div>\n\t\t\t\t<\/div>\n\t\t\t\t\t<\/div>\n\t\t<\/div>\n\t\t\t\t\t<\/div>\n\t\t<\/section>\n\t\t\t\t<section class=\"elementor-section elementor-top-section elementor-element elementor-element-4940f3ca elementor-section-boxed elementor-section-height-default elementor-section-height-default\" data-id=\"4940f3ca\" data-element_type=\"section\" data-settings=\"{&quot;background_background&quot;:&quot;classic&quot;}\">\n\t\t\t\t\t\t<div class=\"elementor-container elementor-column-gap-default\">\n\t\t\t\t\t<div class=\"elementor-column elementor-col-100 elementor-top-column elementor-element elementor-element-1a9874f2\" data-id=\"1a9874f2\" data-element_type=\"column\" data-settings=\"{&quot;background_background&quot;:&quot;classic&quot;}\">\n\t\t\t<div class=\"elementor-widget-wrap elementor-element-populated\">\n\t\t\t\t\t\t<div class=\"elementor-element elementor-element-6ceccf9a elementor-widget elementor-widget-text-editor\" data-id=\"6ceccf9a\" data-element_type=\"widget\" data-widget_type=\"text-editor.default\">\n\t\t\t\t<div class=\"elementor-widget-container\">\n\t\t\t\t\t\t\t<p>Santa Magdalena 10, oficina 34. Providencia, Santiago. <br \/>Tel\u00e9fono: +56 2 2884 23 04, +56 9 8215 89 62 | <span style=\"color: #ffffff;\"><a style=\"color: #ffffff;\" href=\"mailto:rasenjo@raingenieros.cl\">rasenjo@raingenieros.cl<\/a><\/span> | <span style=\"color: #ffffff;\"><a style=\"color: #ffffff;\" href=\"mailto:contacto@raingenieros.cl\">contacto@raingenieros.cl<\/a><\/span><\/p>\t\t\t\t\t\t<\/div>\n\t\t\t\t<\/div>\n\t\t\t\t\t<\/div>\n\t\t<\/div>\n\t\t\t\t\t<\/div>\n\t\t<\/section>\n\t\t\t\t<\/div>\n\t\t","protected":false},"excerpt":{"rendered":"<p>::Trabajos Realizados :: Proyectos Mineros Siguiente Trabajos para el extranjero: Planta de Cal, Quellaveco, Per\u00fa, Ingemin para Quellaveco (2019). \u00a0 Asesor\u00eda de Ingenier\u00eda Estructural, proyecto<\/p>\n","protected":false},"author":1,"featured_media":0,"parent":0,"menu_order":0,"comment_status":"closed","ping_status":"closed","template":"elementor_canvas","meta":{"footnotes":""},"class_list":["post-28","page","type-page","status-publish","hentry"],"_links":{"self":[{"href":"https:\/\/raingenieros.cl\/index.php\/wp-json\/wp\/v2\/pages\/28","targetHints":{"allow":["GET"]}}],"collection":[{"href":"https:\/\/raingenieros.cl\/index.php\/wp-json\/wp\/v2\/pages"}],"about":[{"href":"https:\/\/raingenieros.cl\/index.php\/wp-json\/wp\/v2\/types\/page"}],"author":[{"embeddable":true,"href":"https:\/\/raingenieros.cl\/index.php\/wp-json\/wp\/v2\/users\/1"}],"replies":[{"embeddable":true,"href":"https:\/\/raingenieros.cl\/index.php\/wp-json\/wp\/v2\/comments?post=28"}],"version-history":[{"count":122,"href":"https:\/\/raingenieros.cl\/index.php\/wp-json\/wp\/v2\/pages\/28\/revisions"}],"predecessor-version":[{"id":757,"href":"https:\/\/raingenieros.cl\/index.php\/wp-json\/wp\/v2\/pages\/28\/revisions\/757"}],"wp:attachment":[{"href":"https:\/\/raingenieros.cl\/index.php\/wp-json\/wp\/v2\/media?parent=28"}],"curies":[{"name":"wp","href":"https:\/\/api.w.org\/{rel}","templated":true}]}}