{"id":23,"date":"2021-03-31T17:48:45","date_gmt":"2021-03-31T17:48:45","guid":{"rendered":"https:\/\/raingenieros.cl\/?page_id=23"},"modified":"2021-10-18T21:00:45","modified_gmt":"2021-10-18T21:00:45","slug":"blog","status":"publish","type":"page","link":"https:\/\/raingenieros.cl\/index.php\/blog\/","title":{"rendered":"Campos de Gesti\u00f3n"},"content":{"rendered":"\t\t<div data-elementor-type=\"wp-page\" data-elementor-id=\"23\" class=\"elementor elementor-23\">\n\t\t\t\t\t\t<section class=\"elementor-section elementor-top-section elementor-element elementor-element-45caa286 elementor-section-boxed elementor-section-height-default elementor-section-height-default\" data-id=\"45caa286\" data-element_type=\"section\" data-settings=\"{&quot;background_background&quot;:&quot;classic&quot;}\">\n\t\t\t\t\t\t<div class=\"elementor-container elementor-column-gap-default\">\n\t\t\t\t\t<div class=\"elementor-column elementor-col-100 elementor-top-column elementor-element elementor-element-6056e69a\" data-id=\"6056e69a\" data-element_type=\"column\">\n\t\t\t<div class=\"elementor-widget-wrap elementor-element-populated\">\n\t\t\t\t\t\t<section class=\"elementor-section elementor-inner-section elementor-element elementor-element-4838b49d elementor-section-height-min-height elementor-section-content-middle elementor-section-boxed elementor-section-height-default\" data-id=\"4838b49d\" data-element_type=\"section\" data-settings=\"{&quot;background_background&quot;:&quot;classic&quot;}\">\n\t\t\t\t\t\t<div class=\"elementor-container elementor-column-gap-default\">\n\t\t\t\t\t<div class=\"elementor-column elementor-col-50 elementor-inner-column elementor-element elementor-element-564d1610\" data-id=\"564d1610\" data-element_type=\"column\">\n\t\t\t<div class=\"elementor-widget-wrap elementor-element-populated\">\n\t\t\t\t\t\t<div class=\"elementor-element elementor-element-306b0fa0 elementor-widget elementor-widget-image\" data-id=\"306b0fa0\" data-element_type=\"widget\" data-widget_type=\"image.default\">\n\t\t\t\t<div class=\"elementor-widget-container\">\n\t\t\t\t\t\t\t\t\t\t\t\t\t\t<a href=\"https:\/\/raingenieros.cl\/\">\n\t\t\t\t\t\t\t<img decoding=\"async\" src=\"https:\/\/raingenieros.cl\/wp-content\/uploads\/elementor\/thumbs\/logo-ra3-pe2yjf06sa3h7cqxde7ezfgzhuwi96elvsfl50114w.png\" title=\"logo-ra3\" alt=\"\" loading=\"lazy\" \/>\t\t\t\t\t\t\t\t<\/a>\n\t\t\t\t\t\t\t\t\t\t\t\t\t<\/div>\n\t\t\t\t<\/div>\n\t\t\t\t\t<\/div>\n\t\t<\/div>\n\t\t\t\t<div class=\"elementor-column elementor-col-50 elementor-inner-column elementor-element elementor-element-44b365cd\" data-id=\"44b365cd\" data-element_type=\"column\">\n\t\t\t<div class=\"elementor-widget-wrap\">\n\t\t\t\t\t\t\t<\/div>\n\t\t<\/div>\n\t\t\t\t\t<\/div>\n\t\t<\/section>\n\t\t\t\t\t<\/div>\n\t\t<\/div>\n\t\t\t\t\t<\/div>\n\t\t<\/section>\n\t\t\t\t<section class=\"elementor-section elementor-top-section elementor-element elementor-element-689b0c21 elementor-section-boxed elementor-section-height-default elementor-section-height-default\" data-id=\"689b0c21\" data-element_type=\"section\" data-settings=\"{&quot;background_background&quot;:&quot;classic&quot;}\">\n\t\t\t\t\t\t<div class=\"elementor-container elementor-column-gap-wider\">\n\t\t\t\t\t<div class=\"elementor-column elementor-col-100 elementor-top-column elementor-element elementor-element-6c76452f\" data-id=\"6c76452f\" data-element_type=\"column\" data-settings=\"{&quot;background_background&quot;:&quot;classic&quot;}\">\n\t\t\t<div class=\"elementor-widget-wrap elementor-element-populated\">\n\t\t\t\t\t\t<div class=\"elementor-element elementor-element-8a0ad1a elementor-widget elementor-widget-heading\" data-id=\"8a0ad1a\" data-element_type=\"widget\" data-widget_type=\"heading.default\">\n\t\t\t\t<div class=\"elementor-widget-container\">\n\t\t\t<h3 class=\"elementor-heading-title elementor-size-default\">:: Campos de Gesti\u00f3n<\/h3>\t\t<\/div>\n\t\t\t\t<\/div>\n\t\t\t\t\t<\/div>\n\t\t<\/div>\n\t\t\t\t\t<\/div>\n\t\t<\/section>\n\t\t\t\t<section class=\"elementor-section elementor-top-section elementor-element elementor-element-d2b2fcf elementor-section-boxed elementor-section-height-default elementor-section-height-default\" data-id=\"d2b2fcf\" data-element_type=\"section\" data-settings=\"{&quot;background_background&quot;:&quot;classic&quot;}\">\n\t\t\t\t\t\t<div class=\"elementor-container elementor-column-gap-default\">\n\t\t\t\t\t<div class=\"elementor-column elementor-col-100 elementor-top-column elementor-element elementor-element-1b40b919\" data-id=\"1b40b919\" data-element_type=\"column\" data-settings=\"{&quot;background_background&quot;:&quot;classic&quot;}\">\n\t\t\t<div class=\"elementor-widget-wrap elementor-element-populated\">\n\t\t\t\t\t\t<div class=\"elementor-element elementor-element-47b39d4f elementor-widget elementor-widget-text-editor\" data-id=\"47b39d4f\" data-element_type=\"widget\" data-widget_type=\"text-editor.default\">\n\t\t\t\t<div class=\"elementor-widget-container\">\n\t\t\t\t\t\t\t<p><strong><span style=\"color: #d67900;\">Ingenier\u00eda Estructural:<\/span><\/strong> Dise\u00f1os de estructuras de acero y hormig\u00f3n armado.<\/p><p>\u00a0<\/p><p><strong><span style=\"color: #d67900;\">Revisi\u00f3n de Proyectos Estructurales, Inspecci\u00f3n de plantas y estructras existentes; dise\u00f1o de mejoras.<\/span><\/strong><\/p><p>\u00a0<\/p><p><strong><span style=\"color: #d67900;\">Ingenier\u00eda Multidiscipinaria:<\/span><\/strong> Proyectos que involucran todas las especialidades de la Ingenier\u00eda: Civil Estructural, Arquitectura, El\u00e9ctrica, Piping y Mec\u00e1nica.<\/p>\t\t\t\t\t\t<\/div>\n\t\t\t\t<\/div>\n\t\t\t\t<div class=\"elementor-element elementor-element-29ef677f elementor-widget elementor-widget-spacer\" data-id=\"29ef677f\" data-element_type=\"widget\" data-widget_type=\"spacer.default\">\n\t\t\t\t<div class=\"elementor-widget-container\">\n\t\t\t\t\t<div class=\"elementor-spacer\">\n\t\t\t<div class=\"elementor-spacer-inner\"><\/div>\n\t\t<\/div>\n\t\t\t\t<\/div>\n\t\t\t\t<\/div>\n\t\t\t\t\t<\/div>\n\t\t<\/div>\n\t\t\t\t\t<\/div>\n\t\t<\/section>\n\t\t\t\t<section class=\"elementor-section elementor-top-section elementor-element elementor-element-6b9f3940 elementor-section-boxed elementor-section-height-default elementor-section-height-default\" data-id=\"6b9f3940\" data-element_type=\"section\" data-settings=\"{&quot;background_background&quot;:&quot;classic&quot;}\">\n\t\t\t\t\t\t<div class=\"elementor-container elementor-column-gap-default\">\n\t\t\t\t\t<div class=\"elementor-column elementor-col-100 elementor-top-column elementor-element elementor-element-632866c7\" data-id=\"632866c7\" data-element_type=\"column\" data-settings=\"{&quot;background_background&quot;:&quot;classic&quot;}\">\n\t\t\t<div class=\"elementor-widget-wrap elementor-element-populated\">\n\t\t\t\t\t\t<div class=\"elementor-element elementor-element-549a0d29 elementor-widget elementor-widget-text-editor\" data-id=\"549a0d29\" data-element_type=\"widget\" data-widget_type=\"text-editor.default\">\n\t\t\t\t<div class=\"elementor-widget-container\">\n\t\t\t\t\t\t\t<p>Santa Magdalena 10, oficina 34. Providencia, Santiago. <br \/>Tel\u00e9fono: +56 2 2884 23 04, +56 9 8215 89 62 | <span style=\"color: #ffffff;\"><a style=\"color: #ffffff;\" href=\"mailto:rasenjo@raingenieros.cl\">rasenjo@raingenieros.cl<\/a><\/span> | <span style=\"color: #ffffff;\"><a style=\"color: #ffffff;\" href=\"mailto:contacto@raingenieros.cl\">contacto@raingenieros.cl<\/a><\/span><\/p>\t\t\t\t\t\t<\/div>\n\t\t\t\t<\/div>\n\t\t\t\t\t<\/div>\n\t\t<\/div>\n\t\t\t\t\t<\/div>\n\t\t<\/section>\n\t\t\t\t<\/div>\n\t\t","protected":false},"excerpt":{"rendered":"<p>:: Campos de Gesti\u00f3n Ingenier\u00eda Estructural: Dise\u00f1os de estructuras de acero y hormig\u00f3n armado. \u00a0 Revisi\u00f3n de Proyectos Estructurales, Inspecci\u00f3n de plantas y estructras existentes;<\/p>\n","protected":false},"author":1,"featured_media":0,"parent":0,"menu_order":0,"comment_status":"closed","ping_status":"closed","template":"elementor_canvas","meta":{"footnotes":""},"class_list":["post-23","page","type-page","status-publish","hentry"],"_links":{"self":[{"href":"https:\/\/raingenieros.cl\/index.php\/wp-json\/wp\/v2\/pages\/23","targetHints":{"allow":["GET"]}}],"collection":[{"href":"https:\/\/raingenieros.cl\/index.php\/wp-json\/wp\/v2\/pages"}],"about":[{"href":"https:\/\/raingenieros.cl\/index.php\/wp-json\/wp\/v2\/types\/page"}],"author":[{"embeddable":true,"href":"https:\/\/raingenieros.cl\/index.php\/wp-json\/wp\/v2\/users\/1"}],"replies":[{"embeddable":true,"href":"https:\/\/raingenieros.cl\/index.php\/wp-json\/wp\/v2\/comments?post=23"}],"version-history":[{"count":17,"href":"https:\/\/raingenieros.cl\/index.php\/wp-json\/wp\/v2\/pages\/23\/revisions"}],"predecessor-version":[{"id":729,"href":"https:\/\/raingenieros.cl\/index.php\/wp-json\/wp\/v2\/pages\/23\/revisions\/729"}],"wp:attachment":[{"href":"https:\/\/raingenieros.cl\/index.php\/wp-json\/wp\/v2\/media?parent=23"}],"curies":[{"name":"wp","href":"https:\/\/api.w.org\/{rel}","templated":true}]}}