{"id":21,"date":"2021-03-31T17:48:45","date_gmt":"2021-03-31T17:48:45","guid":{"rendered":"https:\/\/raingenieros.cl\/?page_id=21"},"modified":"2021-10-20T01:41:09","modified_gmt":"2021-10-20T01:41:09","slug":"nuestra-empresa","status":"publish","type":"page","link":"https:\/\/raingenieros.cl\/index.php\/nuestra-empresa\/","title":{"rendered":"Nuestra Empresa"},"content":{"rendered":"\t\t<div data-elementor-type=\"wp-page\" data-elementor-id=\"21\" class=\"elementor elementor-21\">\n\t\t\t\t\t\t<section class=\"elementor-section elementor-top-section elementor-element elementor-element-40d2e20e elementor-section-boxed elementor-section-height-default elementor-section-height-default\" data-id=\"40d2e20e\" data-element_type=\"section\" data-settings=\"{&quot;background_background&quot;:&quot;classic&quot;,&quot;animation&quot;:&quot;none&quot;}\">\n\t\t\t\t\t\t<div class=\"elementor-container elementor-column-gap-default\">\n\t\t\t\t\t<div class=\"elementor-column elementor-col-100 elementor-top-column elementor-element elementor-element-77e24380\" data-id=\"77e24380\" data-element_type=\"column\">\n\t\t\t<div class=\"elementor-widget-wrap elementor-element-populated\">\n\t\t\t\t\t\t<section class=\"elementor-section elementor-inner-section elementor-element elementor-element-10ac8084 elementor-section-height-min-height elementor-section-content-middle elementor-section-boxed elementor-section-height-default\" data-id=\"10ac8084\" data-element_type=\"section\" data-settings=\"{&quot;background_background&quot;:&quot;classic&quot;}\">\n\t\t\t\t\t\t<div class=\"elementor-container elementor-column-gap-default\">\n\t\t\t\t\t<div class=\"elementor-column elementor-col-50 elementor-inner-column elementor-element elementor-element-5e73acf\" data-id=\"5e73acf\" data-element_type=\"column\">\n\t\t\t<div class=\"elementor-widget-wrap elementor-element-populated\">\n\t\t\t\t\t\t<div class=\"elementor-element elementor-element-63f09cdd elementor-widget elementor-widget-image\" data-id=\"63f09cdd\" data-element_type=\"widget\" data-widget_type=\"image.default\">\n\t\t\t\t<div class=\"elementor-widget-container\">\n\t\t\t\t\t\t\t\t\t\t\t\t\t\t<a href=\"https:\/\/raingenieros.cl\/\">\n\t\t\t\t\t\t\t<img decoding=\"async\" src=\"https:\/\/raingenieros.cl\/wp-content\/uploads\/elementor\/thumbs\/logo-ra3-pe2yjf06sa3h7cqxde7ezfgzhuwi96elvsfl50114w.png\" title=\"logo-ra3\" alt=\"\" loading=\"lazy\" \/>\t\t\t\t\t\t\t\t<\/a>\n\t\t\t\t\t\t\t\t\t\t\t\t\t<\/div>\n\t\t\t\t<\/div>\n\t\t\t\t\t<\/div>\n\t\t<\/div>\n\t\t\t\t<div class=\"elementor-column elementor-col-50 elementor-inner-column elementor-element elementor-element-4b29290d\" data-id=\"4b29290d\" data-element_type=\"column\">\n\t\t\t<div class=\"elementor-widget-wrap\">\n\t\t\t\t\t\t\t<\/div>\n\t\t<\/div>\n\t\t\t\t\t<\/div>\n\t\t<\/section>\n\t\t\t\t\t<\/div>\n\t\t<\/div>\n\t\t\t\t\t<\/div>\n\t\t<\/section>\n\t\t\t\t<section class=\"elementor-section elementor-top-section elementor-element elementor-element-42c581f elementor-section-boxed elementor-section-height-default elementor-section-height-default\" data-id=\"42c581f\" data-element_type=\"section\" data-settings=\"{&quot;background_background&quot;:&quot;classic&quot;}\">\n\t\t\t\t\t\t<div class=\"elementor-container elementor-column-gap-no\">\n\t\t\t\t\t<div class=\"elementor-column elementor-col-100 elementor-top-column elementor-element elementor-element-1464732\" data-id=\"1464732\" data-element_type=\"column\" data-settings=\"{&quot;animation&quot;:&quot;none&quot;}\">\n\t\t\t<div class=\"elementor-widget-wrap elementor-element-populated\">\n\t\t\t\t\t\t<div class=\"elementor-element elementor-element-97049d1 elementor-widget elementor-widget-image\" data-id=\"97049d1\" data-element_type=\"widget\" data-settings=\"{&quot;_animation&quot;:&quot;none&quot;}\" data-widget_type=\"image.default\">\n\t\t\t\t<div class=\"elementor-widget-container\">\n\t\t\t\t\t\t\t\t\t\t\t\t\t<img fetchpriority=\"high\" decoding=\"async\" width=\"2000\" height=\"951\" src=\"https:\/\/raingenieros.cl\/wp-content\/uploads\/2021\/10\/Casco-RA_2.jpg\" class=\"attachment-full size-full wp-image-275\" alt=\"\" srcset=\"https:\/\/raingenieros.cl\/wp-content\/uploads\/2021\/10\/Casco-RA_2.jpg 2000w, https:\/\/raingenieros.cl\/wp-content\/uploads\/2021\/10\/Casco-RA_2-300x143.jpg 300w, https:\/\/raingenieros.cl\/wp-content\/uploads\/2021\/10\/Casco-RA_2-1024x487.jpg 1024w, https:\/\/raingenieros.cl\/wp-content\/uploads\/2021\/10\/Casco-RA_2-768x365.jpg 768w, https:\/\/raingenieros.cl\/wp-content\/uploads\/2021\/10\/Casco-RA_2-1536x730.jpg 1536w, https:\/\/raingenieros.cl\/wp-content\/uploads\/2021\/10\/Casco-RA_2-1568x746.jpg 1568w\" sizes=\"(max-width: 2000px) 100vw, 2000px\" \/>\t\t\t\t\t\t\t\t\t\t\t\t\t<\/div>\n\t\t\t\t<\/div>\n\t\t\t\t\t<\/div>\n\t\t<\/div>\n\t\t\t\t\t<\/div>\n\t\t<\/section>\n\t\t\t\t<section class=\"elementor-section elementor-top-section elementor-element elementor-element-1391a3a elementor-section-boxed elementor-section-height-default elementor-section-height-default\" data-id=\"1391a3a\" data-element_type=\"section\" data-settings=\"{&quot;background_background&quot;:&quot;classic&quot;}\">\n\t\t\t\t\t\t<div class=\"elementor-container elementor-column-gap-wider\">\n\t\t\t\t\t<div class=\"elementor-column elementor-col-100 elementor-top-column elementor-element elementor-element-7b7f8ad\" data-id=\"7b7f8ad\" data-element_type=\"column\" data-settings=\"{&quot;background_background&quot;:&quot;classic&quot;}\">\n\t\t\t<div class=\"elementor-widget-wrap elementor-element-populated\">\n\t\t\t\t\t\t<div class=\"elementor-element elementor-element-0256fee elementor-widget elementor-widget-heading\" data-id=\"0256fee\" data-element_type=\"widget\" data-widget_type=\"heading.default\">\n\t\t\t\t<div class=\"elementor-widget-container\">\n\t\t\t<h3 class=\"elementor-heading-title elementor-size-default\">::Nuestra Empresa<\/h3>\t\t<\/div>\n\t\t\t\t<\/div>\n\t\t\t\t<div class=\"elementor-element elementor-element-ced1c57 elementor-widget elementor-widget-text-editor\" data-id=\"ced1c57\" data-element_type=\"widget\" data-widget_type=\"text-editor.default\">\n\t\t\t\t<div class=\"elementor-widget-container\">\n\t\t\t\t\t\t\t<p><strong><span style=\"color: #ed7c02;\">RA INGENIEROS LTDA.<\/span><\/strong> es una empresa de ingenier\u00eda dedicada al dise\u00f1o de proyectos mineros, energ\u00eda, infraestructura, industriales y de arquitectura.<\/p><p>\u00a0<\/p><p><strong><span style=\"color: #ed7c02;\">Nuestra misi\u00f3n<\/span><\/strong> es entregar a nuestros clientes proyectos exitosos y rentables, otorgando servicios de ingenier\u00eda y asesor\u00edas de alto est\u00e1ndar.<\/p><p>\u00a0<\/p><p><strong><span style=\"color: #ed7c02;\">Nuestros valores<\/span><\/strong> son la honorabilidad con clientes, empleados y subcontratistas. Tener un ambiente de trabajo proactivo y alegre, en el que el respeto y las ideas tengan cabida. Entregar un producto que corresponda a una soluci\u00f3n arm\u00f3nica, bella, de bajo costo y rentable al cliente.<\/p><p>\u00a0<\/p><p><strong><span style=\"color: #ed7c02;\">Nuestra visi\u00f3n<\/span><\/strong> es liderar en el \u00e1mbito de la Ingenier\u00eda y Servicios en Chile y Latinoam\u00e9rica (LAR).\u00a0<\/p>\t\t\t\t\t\t<\/div>\n\t\t\t\t<\/div>\n\t\t\t\t\t<\/div>\n\t\t<\/div>\n\t\t\t\t\t<\/div>\n\t\t<\/section>\n\t\t\t\t<section class=\"elementor-section elementor-top-section elementor-element elementor-element-fc40a74 elementor-section-boxed elementor-section-height-default elementor-section-height-default\" data-id=\"fc40a74\" data-element_type=\"section\" data-settings=\"{&quot;background_background&quot;:&quot;classic&quot;}\">\n\t\t\t\t\t\t<div class=\"elementor-container elementor-column-gap-default\">\n\t\t\t\t\t<div class=\"elementor-column elementor-col-100 elementor-top-column elementor-element elementor-element-4f529e3\" data-id=\"4f529e3\" data-element_type=\"column\" data-settings=\"{&quot;background_background&quot;:&quot;classic&quot;}\">\n\t\t\t<div class=\"elementor-widget-wrap elementor-element-populated\">\n\t\t\t\t\t\t<div class=\"elementor-element elementor-element-3581059a elementor-widget elementor-widget-text-editor\" data-id=\"3581059a\" data-element_type=\"widget\" data-widget_type=\"text-editor.default\">\n\t\t\t\t<div class=\"elementor-widget-container\">\n\t\t\t\t\t\t\tSanta Magdalena 10, oficina 34. Providencia, Santiago.\nTel\u00e9fono: +56 2 2884 23 04, +56 9 8215 89 62 | <span style=\"color: #ffffff;\"><a style=\"color: #ffffff;\" href=\"mailto:rasenjo@raingenieros.cl\">rasenjo@raingenieros.cl<\/a><\/span> | <span style=\"color: #ffffff;\"><a style=\"color: #ffffff;\" href=\"mailto:contacto@raingenieros.cl\">contacto@raingenieros.cl<\/a><\/span>\t\t\t\t\t\t<\/div>\n\t\t\t\t<\/div>\n\t\t\t\t\t<\/div>\n\t\t<\/div>\n\t\t\t\t\t<\/div>\n\t\t<\/section>\n\t\t\t\t<section class=\"elementor-section elementor-top-section elementor-element elementor-element-861462d elementor-section-boxed elementor-section-height-default elementor-section-height-default\" data-id=\"861462d\" data-element_type=\"section\">\n\t\t\t\t\t\t<div class=\"elementor-container elementor-column-gap-default\">\n\t\t\t\t\t<div class=\"elementor-column elementor-col-100 elementor-top-column elementor-element elementor-element-4059675\" data-id=\"4059675\" data-element_type=\"column\">\n\t\t\t<div class=\"elementor-widget-wrap\">\n\t\t\t\t\t\t\t<\/div>\n\t\t<\/div>\n\t\t\t\t\t<\/div>\n\t\t<\/section>\n\t\t\t\t<\/div>\n\t\t","protected":false},"excerpt":{"rendered":"<p>::Nuestra Empresa RA INGENIEROS LTDA. es una empresa de ingenier\u00eda dedicada al dise\u00f1o de proyectos mineros, energ\u00eda, infraestructura, industriales y de arquitectura. \u00a0 Nuestra misi\u00f3n<\/p>\n","protected":false},"author":1,"featured_media":0,"parent":0,"menu_order":0,"comment_status":"closed","ping_status":"closed","template":"elementor_canvas","meta":{"footnotes":""},"class_list":["post-21","page","type-page","status-publish","hentry"],"_links":{"self":[{"href":"https:\/\/raingenieros.cl\/index.php\/wp-json\/wp\/v2\/pages\/21","targetHints":{"allow":["GET"]}}],"collection":[{"href":"https:\/\/raingenieros.cl\/index.php\/wp-json\/wp\/v2\/pages"}],"about":[{"href":"https:\/\/raingenieros.cl\/index.php\/wp-json\/wp\/v2\/types\/page"}],"author":[{"embeddable":true,"href":"https:\/\/raingenieros.cl\/index.php\/wp-json\/wp\/v2\/users\/1"}],"replies":[{"embeddable":true,"href":"https:\/\/raingenieros.cl\/index.php\/wp-json\/wp\/v2\/comments?post=21"}],"version-history":[{"count":113,"href":"https:\/\/raingenieros.cl\/index.php\/wp-json\/wp\/v2\/pages\/21\/revisions"}],"predecessor-version":[{"id":795,"href":"https:\/\/raingenieros.cl\/index.php\/wp-json\/wp\/v2\/pages\/21\/revisions\/795"}],"wp:attachment":[{"href":"https:\/\/raingenieros.cl\/index.php\/wp-json\/wp\/v2\/media?parent=21"}],"curies":[{"name":"wp","href":"https:\/\/api.w.org\/{rel}","templated":true}]}}